{"id":3036,"date":"2026-02-28T03:39:31","date_gmt":"2026-02-28T03:39:31","guid":{"rendered":"https:\/\/www.durawares.com\/?post_type=product&#038;p=3036"},"modified":"2026-02-28T05:53:43","modified_gmt":"2026-02-28T05:53:43","slug":"m1-mini-3-in-1-selfie-stick","status":"publish","type":"product","link":"https:\/\/www.durawares.com\/index.php\/product\/m1-mini-3-in-1-selfie-stick\/","title":{"rendered":"M1 MINI 3-in-1 Selfie Stick"},"content":{"rendered":"<p><iframe title=\"M1 MINI 3-in-1 Selfie Stick\" width=\"563\" height=\"1000\" src=\"https:\/\/www.youtube.com\/embed\/zSzPKokvjYo?feature=oembed\" frameborder=\"0\" allow=\"accelerometer; autoplay; clipboard-write; encrypted-media; gyroscope; picture-in-picture; web-share\" referrerpolicy=\"strict-origin-when-cross-origin\" allowfullscreen><\/iframe><\/p>\n","protected":false},"excerpt":{"rendered":"<p>M1 MINI 3 Trong 1 G\u1eady Ch\u1ee5p \u1ea2nh \u2013 G\u1eady selfie ki\u00eam ch\u00e2n tripod, Tay c\u1ea7m ti\u1ec7n d\u1ee5ng, \u0110i\u1ec1u khi\u1ec3n Bluetooth kh\u00f4ng d\u00e2y, Cho iPhone v\u00e0 Android<\/p>\n<p>M1 MINI 3-in-1 Selfie Stick \u2013 Selfie stick and tripod, convenient handle, wireless Bluetooth control, for iPhone and Android<\/p>\n<p>We are a supplier of hot-selling products in China, and we have been serving Asian, American, and European customers. Customer satisfaction has been our biggest pursuit. Safe payment, safe receipt of goods. Please feel free to contact us at any time if you have any questions. Thank you very much<\/p>\n<p>Private letter or contact: Whatsapp: +8613682371367<br \/>\nWhen you ordered<\/p>\n","protected":false},"featured_media":3038,"comment_status":"open","ping_status":"closed","template":"","meta":[],"product_brand":[],"product_cat":[33],"product_tag":[572,571],"class_list":{"0":"post-3036","1":"product","2":"type-product","3":"status-publish","4":"has-post-thumbnail","6":"product_cat-electronics","7":"product_tag-3-in-1-selfie-stick","8":"product_tag-selfie-stick","9":"product_shipping_class-standard-product","11":"first","12":"instock","13":"sale","14":"taxable","15":"shipping-taxable","16":"purchasable","17":"product-type-simple"},"_links":{"self":[{"href":"https:\/\/www.durawares.com\/index.php\/wp-json\/wp\/v2\/product\/3036","targetHints":{"allow":["GET"]}}],"collection":[{"href":"https:\/\/www.durawares.com\/index.php\/wp-json\/wp\/v2\/product"}],"about":[{"href":"https:\/\/www.durawares.com\/index.php\/wp-json\/wp\/v2\/types\/product"}],"replies":[{"embeddable":true,"href":"https:\/\/www.durawares.com\/index.php\/wp-json\/wp\/v2\/comments?post=3036"}],"version-history":[{"count":0,"href":"https:\/\/www.durawares.com\/index.php\/wp-json\/wp\/v2\/product\/3036\/revisions"}],"wp:featuredmedia":[{"embeddable":true,"href":"https:\/\/www.durawares.com\/index.php\/wp-json\/wp\/v2\/media\/3038"}],"wp:attachment":[{"href":"https:\/\/www.durawares.com\/index.php\/wp-json\/wp\/v2\/media?parent=3036"}],"wp:term":[{"taxonomy":"product_brand","embeddable":true,"href":"https:\/\/www.durawares.com\/index.php\/wp-json\/wp\/v2\/product_brand?post=3036"},{"taxonomy":"product_cat","embeddable":true,"href":"https:\/\/www.durawares.com\/index.php\/wp-json\/wp\/v2\/product_cat?post=3036"},{"taxonomy":"product_tag","embeddable":true,"href":"https:\/\/www.durawares.com\/index.php\/wp-json\/wp\/v2\/product_tag?post=3036"}],"curies":[{"name":"wp","href":"https:\/\/api.w.org\/{rel}","templated":true}]}}