{"id":3222,"date":"2026-03-03T07:28:53","date_gmt":"2026-03-03T07:28:53","guid":{"rendered":"https:\/\/www.durawares.com\/?post_type=product&#038;p=3222"},"modified":"2026-03-03T07:48:40","modified_gmt":"2026-03-03T07:48:40","slug":"multi-functional-electric-foot-grinder","status":"publish","type":"product","link":"https:\/\/www.durawares.com\/index.php\/product\/multi-functional-electric-foot-grinder\/","title":{"rendered":"Multi-Functional Electric Foot Grinder"},"content":{"rendered":"<p><iframe title=\"Multi-Functional Electric Foot Grinder\" width=\"1140\" height=\"641\" src=\"https:\/\/www.youtube.com\/embed\/KNgpMIXvT8U?feature=oembed\" frameborder=\"0\" allow=\"accelerometer; autoplay; clipboard-write; encrypted-media; gyroscope; picture-in-picture; web-share\" referrerpolicy=\"strict-origin-when-cross-origin\" allowfullscreen><\/iframe><\/p>\n","protected":false},"excerpt":{"rendered":"<p>KY Y5 M\u00e1y M\u00e0i Ch\u00e2n \u0110i\u1ec7n \u0110a N\u0103ng \u0110\u1eddi M\u1edbi &#8211; Lo\u1ea1i B\u1ecf Nh\u1eb9 Nh\u00e0ng T\u1ebf B\u00e0o Ch\u1ebft &amp; Chai S\u1ea7n, \u0110\u1ea7u M\u00e0i K\u00e9p (Th\u00f4 &amp; M\u1ecbn), D\u1ecbu Nh\u1eb9 Cho Da, Gi\u00fap \u0110\u00f4i Ch\u00e2n M\u1ecbn M\u00e0ng Tr\u1edf L\u1ea1i.<\/p>\n<p>KY Y5 New Generation Multi-Functional Electric Foot Grinder &#8211; Gently Removes Dead Skin Cells &amp; Calluses, Dual Grinding Head (Coarse &amp; Fine), Gentle on Skin, Helps Feet Become Smooth Again.<\/p>\n<p>We are a supplier of hot-selling products in China, and we have been serving Asian, American, and European customers. Customer satisfaction has been our biggest pursuit. Safe payment, safe receipt of goods. Please feel free to contact us at any time if you have any questions. Thank you very much<\/p>\n<p>Private letter or contact: Whatsapp: +8613682371367<br \/>\nWhen you ordered<\/p>\n","protected":false},"featured_media":3234,"comment_status":"open","ping_status":"closed","template":"","meta":[],"product_brand":[],"product_cat":[78],"product_tag":[602,601,600,603],"class_list":{"0":"post-3222","1":"product","2":"type-product","3":"status-publish","4":"has-post-thumbnail","6":"product_cat-household-goods","7":"product_tag-electric-foot-grinder","8":"product_tag-foot-grinder","9":"product_tag-multi-functional-electric-foot-grinder","10":"product_tag-multi-functional-foot-grinder","11":"product_shipping_class-standard-product","13":"first","14":"instock","15":"sale","16":"taxable","17":"shipping-taxable","18":"purchasable","19":"product-type-simple"},"_links":{"self":[{"href":"https:\/\/www.durawares.com\/index.php\/wp-json\/wp\/v2\/product\/3222","targetHints":{"allow":["GET"]}}],"collection":[{"href":"https:\/\/www.durawares.com\/index.php\/wp-json\/wp\/v2\/product"}],"about":[{"href":"https:\/\/www.durawares.com\/index.php\/wp-json\/wp\/v2\/types\/product"}],"replies":[{"embeddable":true,"href":"https:\/\/www.durawares.com\/index.php\/wp-json\/wp\/v2\/comments?post=3222"}],"version-history":[{"count":0,"href":"https:\/\/www.durawares.com\/index.php\/wp-json\/wp\/v2\/product\/3222\/revisions"}],"wp:featuredmedia":[{"embeddable":true,"href":"https:\/\/www.durawares.com\/index.php\/wp-json\/wp\/v2\/media\/3234"}],"wp:attachment":[{"href":"https:\/\/www.durawares.com\/index.php\/wp-json\/wp\/v2\/media?parent=3222"}],"wp:term":[{"taxonomy":"product_brand","embeddable":true,"href":"https:\/\/www.durawares.com\/index.php\/wp-json\/wp\/v2\/product_brand?post=3222"},{"taxonomy":"product_cat","embeddable":true,"href":"https:\/\/www.durawares.com\/index.php\/wp-json\/wp\/v2\/product_cat?post=3222"},{"taxonomy":"product_tag","embeddable":true,"href":"https:\/\/www.durawares.com\/index.php\/wp-json\/wp\/v2\/product_tag?post=3222"}],"curies":[{"name":"wp","href":"https:\/\/api.w.org\/{rel}","templated":true}]}}