{"id":3352,"date":"2026-03-05T06:53:34","date_gmt":"2026-03-05T06:53:34","guid":{"rendered":"https:\/\/www.durawares.com\/?post_type=product&#038;p=3352"},"modified":"2026-03-05T06:53:35","modified_gmt":"2026-03-05T06:53:35","slug":"genuine-camry-cr-dolphin-style-helmet","status":"publish","type":"product","link":"https:\/\/www.durawares.com\/index.php\/product\/genuine-camry-cr-dolphin-style-helmet\/","title":{"rendered":"Genuine CAMRY CR Dolphin Style Helmet"},"content":{"rendered":"","protected":false},"excerpt":{"rendered":"<p>( N\u00d3N B\u1ea2O HI\u1ec2M \u0110\u1ea0T CHU\u1ea8N ) N\u00f3n B\u1ea3o Hi\u1ec3m Ki\u1ec3u D\u00e1ng C\u00e1 Heo Ch\u00ednh H\u00e3ng CAMRY CR HELMET- K\u00c8M PH\u1ee4 KI\u1ec6N ,\u00a0 Ch\u1ea5t Li\u1ec7u Nh\u1ef1a ABS , Helmet Ph\u1ee5 Ki\u1ec7n \u0111\u1eb9p<\/p>\n<p>(STANDARD-COMPLIANT HELMET) Genuine CAMRY CR Dolphin Style Helmet &#8211; Includes Accessories, ABS Plastic Material, Beautiful Helmet and Accessories<\/p>\n<p>We are a supplier of hot selling products in China, we have been serving Asia, American and European customers, customer satisfaction has been our biggest pursuit, safe payment, safe receipt of goods, please feel free to contact us at any time if you have any questions. Thank you very much<\/p>\n<p>Private letter or contact: Whatsapp: +8613682371367<br \/>\nwhen you ordered<\/p>\n","protected":false},"featured_media":3353,"comment_status":"open","ping_status":"closed","template":"","meta":[],"product_brand":[],"product_cat":[646],"product_tag":[656,655,654],"class_list":{"0":"post-3352","1":"product","2":"type-product","3":"status-publish","4":"has-post-thumbnail","6":"product_cat-automotive-motorcycle-accessories","7":"product_tag-dolphin-style-helmet","8":"product_tag-helmet","9":"product_tag-standard-compliant-helmet","10":"product_shipping_class-standard-product","12":"first","13":"instock","14":"sale","15":"taxable","16":"shipping-taxable","17":"purchasable","18":"product-type-variable"},"_links":{"self":[{"href":"https:\/\/www.durawares.com\/index.php\/wp-json\/wp\/v2\/product\/3352","targetHints":{"allow":["GET"]}}],"collection":[{"href":"https:\/\/www.durawares.com\/index.php\/wp-json\/wp\/v2\/product"}],"about":[{"href":"https:\/\/www.durawares.com\/index.php\/wp-json\/wp\/v2\/types\/product"}],"replies":[{"embeddable":true,"href":"https:\/\/www.durawares.com\/index.php\/wp-json\/wp\/v2\/comments?post=3352"}],"version-history":[{"count":0,"href":"https:\/\/www.durawares.com\/index.php\/wp-json\/wp\/v2\/product\/3352\/revisions"}],"wp:featuredmedia":[{"embeddable":true,"href":"https:\/\/www.durawares.com\/index.php\/wp-json\/wp\/v2\/media\/3353"}],"wp:attachment":[{"href":"https:\/\/www.durawares.com\/index.php\/wp-json\/wp\/v2\/media?parent=3352"}],"wp:term":[{"taxonomy":"product_brand","embeddable":true,"href":"https:\/\/www.durawares.com\/index.php\/wp-json\/wp\/v2\/product_brand?post=3352"},{"taxonomy":"product_cat","embeddable":true,"href":"https:\/\/www.durawares.com\/index.php\/wp-json\/wp\/v2\/product_cat?post=3352"},{"taxonomy":"product_tag","embeddable":true,"href":"https:\/\/www.durawares.com\/index.php\/wp-json\/wp\/v2\/product_tag?post=3352"}],"curies":[{"name":"wp","href":"https:\/\/api.w.org\/{rel}","templated":true}]}}