{"id":4885,"date":"2026-04-16T01:29:48","date_gmt":"2026-04-16T01:29:48","guid":{"rendered":"https:\/\/www.durawares.com\/?post_type=product&#038;p=4885"},"modified":"2026-04-16T02:08:52","modified_gmt":"2026-04-16T02:08:52","slug":"multipurpose-silicone-cable-tie","status":"publish","type":"product","link":"https:\/\/www.durawares.com\/index.php\/product\/multipurpose-silicone-cable-tie\/","title":{"rendered":"Multipurpose Silicone Cable Tie"},"content":{"rendered":"<p><iframe title=\"Multipurpose Silicone Cable Tie\" width=\"1140\" height=\"641\" src=\"https:\/\/www.youtube.com\/embed\/XViVnhZ2_ZU?feature=oembed\" frameborder=\"0\" allow=\"accelerometer; autoplay; clipboard-write; encrypted-media; gyroscope; picture-in-picture; web-share\" referrerpolicy=\"strict-origin-when-cross-origin\" allowfullscreen><\/iframe><\/p>\n","protected":false},"excerpt":{"rendered":"<p><span dir=\"auto\" style=\"vertical-align: inherit;\"><span dir=\"auto\" style=\"vertical-align: inherit;\">\u0e2a\u0e32\u0e22\u0e23\u0e31\u0e14\u0e40\u0e01\u0e47\u0e1a\u0e2a\u0e32\u0e22\u0e0a\u0e32\u0e23\u0e4c\u0e08 \u0e0b\u0e34\u0e25\u0e34\u0e42\u0e04\u0e19\u0e2d\u0e40\u0e19\u0e01\u0e1b\u0e23\u0e30\u0e2a\u0e07\u0e04\u0e4c \u0e08\u0e31\u0e14\u0e23\u0e30\u0e40\u0e1a\u0e35\u0e22\u0e1a\u0e2a\u0e32\u0e22 \u0e44\u0e21\u0e48\u0e1e\u0e31\u0e19\u0e01\u0e31\u0e19 \u0e1e\u0e01\u0e1e\u0e32\u0e2a\u0e30\u0e14\u0e27\u0e01<\/span><\/span><\/p>\n<p><span dir=\"auto\" style=\"vertical-align: inherit;\"><span dir=\"auto\" style=\"vertical-align: inherit;\">Brida de silicona multiusos para cables de carga, organiza los cables, evita enredos, f\u00e1cil de transportar.<\/span><\/span><\/p>\n<p><span dir=\"auto\" style=\"vertical-align: inherit;\"><span dir=\"auto\" style=\"vertical-align: inherit;\">Somos proveedores de productos de gran demanda en China. Llevamos a\u00f1os atendiendo a clientes de Asia, Am\u00e9rica y Europa. La satisfacci\u00f3n del cliente es nuestra m\u00e1xima prioridad, garantizando pagos seguros y una entrega segura de la mercanc\u00eda. Si tiene alguna pregunta, no dude en contactarnos en cualquier momento. Muchas gracias.<\/span><\/span><\/p>\n<p><span dir=\"auto\" style=\"vertical-align: inherit;\"><span dir=\"auto\" style=\"vertical-align: inherit;\">Carta privada o contacto: Whatsapp: +8613682371367 <\/span><\/span><br \/>\n<span dir=\"auto\" style=\"vertical-align: inherit;\"><span dir=\"auto\" style=\"vertical-align: inherit;\">cuando realiz\u00f3 el pedido<\/span><\/span><\/p>\n","protected":false},"featured_media":4886,"comment_status":"open","ping_status":"closed","template":"","meta":[],"product_brand":[],"product_cat":[33],"product_tag":[710,1028,1030,1029],"class_list":{"0":"post-4885","1":"product","2":"type-product","3":"status-publish","4":"has-post-thumbnail","6":"product_cat-electronics","7":"product_tag-cable-tie","8":"product_tag-multipurpose-silicone-cable-tie","9":"product_tag-organizes-cables","10":"product_tag-silicone-cable-tie","11":"product_shipping_class-standard-product","13":"first","14":"instock","15":"sale","16":"taxable","17":"shipping-taxable","18":"purchasable","19":"product-type-variable"},"_links":{"self":[{"href":"https:\/\/www.durawares.com\/index.php\/wp-json\/wp\/v2\/product\/4885","targetHints":{"allow":["GET"]}}],"collection":[{"href":"https:\/\/www.durawares.com\/index.php\/wp-json\/wp\/v2\/product"}],"about":[{"href":"https:\/\/www.durawares.com\/index.php\/wp-json\/wp\/v2\/types\/product"}],"replies":[{"embeddable":true,"href":"https:\/\/www.durawares.com\/index.php\/wp-json\/wp\/v2\/comments?post=4885"}],"version-history":[{"count":4,"href":"https:\/\/www.durawares.com\/index.php\/wp-json\/wp\/v2\/product\/4885\/revisions"}],"predecessor-version":[{"id":4912,"href":"https:\/\/www.durawares.com\/index.php\/wp-json\/wp\/v2\/product\/4885\/revisions\/4912"}],"wp:featuredmedia":[{"embeddable":true,"href":"https:\/\/www.durawares.com\/index.php\/wp-json\/wp\/v2\/media\/4886"}],"wp:attachment":[{"href":"https:\/\/www.durawares.com\/index.php\/wp-json\/wp\/v2\/media?parent=4885"}],"wp:term":[{"taxonomy":"product_brand","embeddable":true,"href":"https:\/\/www.durawares.com\/index.php\/wp-json\/wp\/v2\/product_brand?post=4885"},{"taxonomy":"product_cat","embeddable":true,"href":"https:\/\/www.durawares.com\/index.php\/wp-json\/wp\/v2\/product_cat?post=4885"},{"taxonomy":"product_tag","embeddable":true,"href":"https:\/\/www.durawares.com\/index.php\/wp-json\/wp\/v2\/product_tag?post=4885"}],"curies":[{"name":"wp","href":"https:\/\/api.w.org\/{rel}","templated":true}]}}