{"id":4925,"date":"2026-04-17T01:44:52","date_gmt":"2026-04-17T01:44:52","guid":{"rendered":"https:\/\/www.durawares.com\/?post_type=product&#038;p=4925"},"modified":"2026-04-17T02:27:11","modified_gmt":"2026-04-17T02:27:11","slug":"camera-protection-case","status":"publish","type":"product","link":"https:\/\/www.durawares.com\/index.php\/product\/camera-protection-case\/","title":{"rendered":"Camera Protection Case"},"content":{"rendered":"<p><iframe title=\"Camera Protection Case\" width=\"563\" height=\"1000\" src=\"https:\/\/www.youtube.com\/embed\/e7YViYTSCTQ?feature=oembed\" frameborder=\"0\" allow=\"accelerometer; autoplay; clipboard-write; encrypted-media; gyroscope; picture-in-picture; web-share\" referrerpolicy=\"strict-origin-when-cross-origin\" allowfullscreen><\/iframe><\/p>\n","protected":false},"excerpt":{"rendered":"<p><span dir=\"auto\" style=\"vertical-align: inherit;\"><span dir=\"auto\" style=\"vertical-align: inherit;\"><span dir=\"auto\" style=\"vertical-align: inherit;\"><span dir=\"auto\" style=\"vertical-align: inherit;\">\u0e1b\u0e49\u0e2d\u0e07\u0e01\u0e31\u0e19\u0e01\u0e25\u0e49\u0e2d\u0e07\u0e04\u0e27\u0e1a\u0e04\u0e38\u0e21 &#8211; \u0e01\u0e31\u0e19\u0e23\u0e2d\u0e22\u0e02\u0e35\u0e14\u0e02\u0e48\u0e27\u0e19 M\u00e1s informaci\u00f3n iPhone Cap\u00edtulos 16\u201317<\/span><\/span><\/span><\/span><\/p>\n<p><span dir=\"auto\" style=\"vertical-align: inherit;\"><span dir=\"auto\" style=\"vertical-align: inherit;\"><span dir=\"auto\" style=\"vertical-align: inherit;\"><span dir=\"auto\" style=\"vertical-align: inherit;\">Funda protectora para c\u00e1mara: resistente a ara\u00f1azos, a prueba de golpes, respuesta instant\u00e1nea, dise\u00f1o ultrafino para iPhone Series 16\u201317.<\/span><\/span><\/span><\/span><\/p>\n<p><span dir=\"auto\" style=\"vertical-align: inherit;\"><span dir=\"auto\" style=\"vertical-align: inherit;\"><span dir=\"auto\" style=\"vertical-align: inherit;\"><span dir=\"auto\" style=\"vertical-align: inherit;\">Somos proveedores de productos de gran demanda en China. Llevamos a\u00f1os atendiendo a clientes de Asia, Am\u00e9rica y Europa. La satisfacci\u00f3n del cliente es nuestra m\u00e1xima prioridad, garantizando pagos seguros y una entrega segura de la mercanc\u00eda. Si tiene alguna pregunta, no dude en contactarnos en cualquier momento. Muchas gracias.<\/span><\/span><\/span><\/span><\/p>\n<p><span dir=\"auto\" style=\"vertical-align: inherit;\"><span dir=\"auto\" style=\"vertical-align: inherit;\"><span dir=\"auto\" style=\"vertical-align: inherit;\"><span dir=\"auto\" style=\"vertical-align: inherit;\">Carta privada o contacto: Whatsapp: +8613682371367 <\/span><\/span><\/span><\/span><br \/>\n<span dir=\"auto\" style=\"vertical-align: inherit;\"><span dir=\"auto\" style=\"vertical-align: inherit;\"><span dir=\"auto\" style=\"vertical-align: inherit;\"><span dir=\"auto\" style=\"vertical-align: inherit;\">cuando realiz\u00f3 el pedido<\/span><\/span><\/span><\/span><\/p>\n","protected":false},"featured_media":4957,"comment_status":"open","ping_status":"closed","template":"","meta":[],"product_brand":[],"product_cat":[33],"product_tag":[1032],"class_list":{"0":"post-4925","1":"product","2":"type-product","3":"status-publish","4":"has-post-thumbnail","6":"product_cat-electronics","7":"product_tag-camera-protection-case","8":"product_shipping_class-standard-product","10":"first","11":"instock","12":"sale","13":"taxable","14":"shipping-taxable","15":"purchasable","16":"product-type-variable"},"_links":{"self":[{"href":"https:\/\/www.durawares.com\/index.php\/wp-json\/wp\/v2\/product\/4925","targetHints":{"allow":["GET"]}}],"collection":[{"href":"https:\/\/www.durawares.com\/index.php\/wp-json\/wp\/v2\/product"}],"about":[{"href":"https:\/\/www.durawares.com\/index.php\/wp-json\/wp\/v2\/types\/product"}],"replies":[{"embeddable":true,"href":"https:\/\/www.durawares.com\/index.php\/wp-json\/wp\/v2\/comments?post=4925"}],"version-history":[{"count":4,"href":"https:\/\/www.durawares.com\/index.php\/wp-json\/wp\/v2\/product\/4925\/revisions"}],"predecessor-version":[{"id":4964,"href":"https:\/\/www.durawares.com\/index.php\/wp-json\/wp\/v2\/product\/4925\/revisions\/4964"}],"wp:featuredmedia":[{"embeddable":true,"href":"https:\/\/www.durawares.com\/index.php\/wp-json\/wp\/v2\/media\/4957"}],"wp:attachment":[{"href":"https:\/\/www.durawares.com\/index.php\/wp-json\/wp\/v2\/media?parent=4925"}],"wp:term":[{"taxonomy":"product_brand","embeddable":true,"href":"https:\/\/www.durawares.com\/index.php\/wp-json\/wp\/v2\/product_brand?post=4925"},{"taxonomy":"product_cat","embeddable":true,"href":"https:\/\/www.durawares.com\/index.php\/wp-json\/wp\/v2\/product_cat?post=4925"},{"taxonomy":"product_tag","embeddable":true,"href":"https:\/\/www.durawares.com\/index.php\/wp-json\/wp\/v2\/product_tag?post=4925"}],"curies":[{"name":"wp","href":"https:\/\/api.w.org\/{rel}","templated":true}]}}