{"id":4965,"date":"2026-04-17T02:42:04","date_gmt":"2026-04-17T02:42:04","guid":{"rendered":"https:\/\/www.durawares.com\/?post_type=product&#038;p=4965"},"modified":"2026-04-17T03:34:20","modified_gmt":"2026-04-17T03:34:20","slug":"air-conditioner-fan","status":"publish","type":"product","link":"https:\/\/www.durawares.com\/index.php\/product\/air-conditioner-fan\/","title":{"rendered":"Air Conditioner Fan"},"content":{"rendered":"<p><iframe title=\"Air Conditioner Fan\" width=\"563\" height=\"1000\" src=\"https:\/\/www.youtube.com\/embed\/52xrt4mvSTg?feature=oembed\" frameborder=\"0\" allow=\"accelerometer; autoplay; clipboard-write; encrypted-media; gyroscope; picture-in-picture; web-share\" referrerpolicy=\"strict-origin-when-cross-origin\" allowfullscreen><\/iframe><\/p>\n","protected":false},"excerpt":{"rendered":"<p><span dir=\"auto\" style=\"vertical-align: inherit;\"><span dir=\"auto\" style=\"vertical-align: inherit;\"><span dir=\"auto\" style=\"vertical-align: inherit;\"><span dir=\"auto\" style=\"vertical-align: inherit;\">\u0e1e\u0e31\u0e14\u0e25\u0e21\u0e15\u0e34\u0e14\u0e41\u0e2d\u0e23\u0e4c \u0e1b\u0e23\u0e31\u0e1a\u0e40\u0e04\u0e23\u0e37\u0e48\u0e2d\u0e07\u0e1b\u0e23\u0e31\u0e1a\u0e2d\u0e32\u0e01\u0e32\u0e28 \u0e15\u0e31\u0e27\u0e0a\u0e48\u0e27\u0e22\u0e01\u0e23\u0e30\u0e08\u0e32\u0e22\u0e25\u0e21\u0e41\u0e2d\u0e23\u0e4c Ventilaci\u00f3n del aire acondicionado<\/span><\/span><\/span><\/span><\/p>\n<p><span dir=\"auto\" style=\"vertical-align: inherit;\"><span dir=\"auto\" style=\"vertical-align: inherit;\"><span dir=\"auto\" style=\"vertical-align: inherit;\"><span dir=\"auto\" style=\"vertical-align: inherit;\">Ventilador del aire acondicionado, un dispositivo para ajustar y distribuir el aire de un aire acondicionado.<\/span><\/span><\/span><\/span><\/p>\n<p><span dir=\"auto\" style=\"vertical-align: inherit;\"><span dir=\"auto\" style=\"vertical-align: inherit;\"><span dir=\"auto\" style=\"vertical-align: inherit;\"><span dir=\"auto\" style=\"vertical-align: inherit;\">Somos proveedores de productos de gran demanda en China. Llevamos a\u00f1os atendiendo a clientes de Asia, Am\u00e9rica y Europa. La satisfacci\u00f3n del cliente es nuestra m\u00e1xima prioridad, garantizando pagos seguros y una entrega segura de la mercanc\u00eda. Si tiene alguna pregunta, no dude en contactarnos en cualquier momento. Muchas gracias.<\/span><\/span><\/span><\/span><\/p>\n<p><span dir=\"auto\" style=\"vertical-align: inherit;\"><span dir=\"auto\" style=\"vertical-align: inherit;\"><span dir=\"auto\" style=\"vertical-align: inherit;\"><span dir=\"auto\" style=\"vertical-align: inherit;\">Carta privada o contacto: Whatsapp: +8613682371367 <\/span><\/span><\/span><\/span><br \/>\n<span dir=\"auto\" style=\"vertical-align: inherit;\"><span dir=\"auto\" style=\"vertical-align: inherit;\"><span dir=\"auto\" style=\"vertical-align: inherit;\"><span dir=\"auto\" style=\"vertical-align: inherit;\">cuando realiz\u00f3 el pedido<\/span><\/span><\/span><\/span><\/p>\n","protected":false},"featured_media":4966,"comment_status":"open","ping_status":"closed","template":"","meta":[],"product_brand":[],"product_cat":[33],"product_tag":[1033,905],"class_list":{"0":"post-4965","1":"product","2":"type-product","3":"status-publish","4":"has-post-thumbnail","6":"product_cat-electronics","7":"product_tag-air-conditioner-fan","8":"product_tag-fan","9":"product_shipping_class-standard-product","11":"first","12":"instock","13":"sale","14":"taxable","15":"shipping-taxable","16":"purchasable","17":"product-type-simple"},"_links":{"self":[{"href":"https:\/\/www.durawares.com\/index.php\/wp-json\/wp\/v2\/product\/4965","targetHints":{"allow":["GET"]}}],"collection":[{"href":"https:\/\/www.durawares.com\/index.php\/wp-json\/wp\/v2\/product"}],"about":[{"href":"https:\/\/www.durawares.com\/index.php\/wp-json\/wp\/v2\/types\/product"}],"replies":[{"embeddable":true,"href":"https:\/\/www.durawares.com\/index.php\/wp-json\/wp\/v2\/comments?post=4965"}],"version-history":[{"count":4,"href":"https:\/\/www.durawares.com\/index.php\/wp-json\/wp\/v2\/product\/4965\/revisions"}],"predecessor-version":[{"id":4985,"href":"https:\/\/www.durawares.com\/index.php\/wp-json\/wp\/v2\/product\/4965\/revisions\/4985"}],"wp:featuredmedia":[{"embeddable":true,"href":"https:\/\/www.durawares.com\/index.php\/wp-json\/wp\/v2\/media\/4966"}],"wp:attachment":[{"href":"https:\/\/www.durawares.com\/index.php\/wp-json\/wp\/v2\/media?parent=4965"}],"wp:term":[{"taxonomy":"product_brand","embeddable":true,"href":"https:\/\/www.durawares.com\/index.php\/wp-json\/wp\/v2\/product_brand?post=4965"},{"taxonomy":"product_cat","embeddable":true,"href":"https:\/\/www.durawares.com\/index.php\/wp-json\/wp\/v2\/product_cat?post=4965"},{"taxonomy":"product_tag","embeddable":true,"href":"https:\/\/www.durawares.com\/index.php\/wp-json\/wp\/v2\/product_tag?post=4965"}],"curies":[{"name":"wp","href":"https:\/\/api.w.org\/{rel}","templated":true}]}}