{"id":4986,"date":"2026-04-17T03:50:01","date_gmt":"2026-04-17T03:50:01","guid":{"rendered":"https:\/\/www.durawares.com\/?post_type=product&#038;p=4986"},"modified":"2026-04-17T04:10:23","modified_gmt":"2026-04-17T04:10:23","slug":"led-aromatherapy-fan","status":"publish","type":"product","link":"https:\/\/www.durawares.com\/index.php\/product\/led-aromatherapy-fan\/","title":{"rendered":"LED Aromatherapy Fan"},"content":{"rendered":"<p><iframe title=\"LED Aromatherapy Fan\" width=\"563\" height=\"1000\" src=\"https:\/\/www.youtube.com\/embed\/hONujAJT3bs?feature=oembed\" frameborder=\"0\" allow=\"accelerometer; autoplay; clipboard-write; encrypted-media; gyroscope; picture-in-picture; web-share\" referrerpolicy=\"strict-origin-when-cross-origin\" allowfullscreen><\/iframe><\/p>\n","protected":false},"excerpt":{"rendered":"<p><span dir=\"auto\" style=\"vertical-align: inherit;\"><span dir=\"auto\" style=\"vertical-align: inherit;\">\u0e19\u0e4d\u0e32 \u0e44\u0e1f\u0e1e\u0e31\u0e14\u0e25\u0e21\u0e2d\u0e42\u0e23\u0e21\u0e32\u0e40\u0e17\u0e2d\u0e23\u0e32\u0e1e\u0e35 L\u00e1mpara LED \u0e42\u0e04\u0e21\u0e44\u0e1f\u0e15\u0e31\u0e49\u0e07\u0e42\u0e15\u0e4a\u0e30 \u0e2b\u0e49\u0e2d\u0e07 2\u0e43\u0e191 \u0e21\u0e31\u0e25\u0e15\u0e34\u0e1f\u0e31\u0e07\u0e01\u0e4c\u0e0a\u0e31\u0e48\u0e19 \u0e1e\u0e31\u0e14\u0e25\u0e21 \u0e2a\u0e14\u0e0a\u0e37\u0e48\u0e19 \u0e44\u0e1f\u0e1e\u0e31\u0e14\u0e25\u0e21\u0e40\u0e1e\u0e14\u0e32\u0e19<\/span><\/span><\/p>\n<p><span dir=\"auto\" style=\"vertical-align: inherit;\"><span dir=\"auto\" style=\"vertical-align: inherit;\">Ventilador LED de aromaterapia, luz de estudio, pantalla, l\u00e1mpara de escritorio, ventilador de habitaci\u00f3n multifuncional 2 en 1, luz de ventilador de techo refrescante<\/span><\/span><\/p>\n<p><span dir=\"auto\" style=\"vertical-align: inherit;\"><span dir=\"auto\" style=\"vertical-align: inherit;\">Somos proveedores de productos de gran demanda en China. Llevamos a\u00f1os atendiendo a clientes de Asia, Am\u00e9rica y Europa. La satisfacci\u00f3n del cliente es nuestra m\u00e1xima prioridad, garantizando pagos seguros y una entrega segura de la mercanc\u00eda. Si tiene alguna pregunta, no dude en contactarnos en cualquier momento. Muchas gracias.<\/span><\/span><\/p>\n<p><span dir=\"auto\" style=\"vertical-align: inherit;\"><span dir=\"auto\" style=\"vertical-align: inherit;\">Carta privada o contacto: Whatsapp: +8613682371367 <\/span><\/span><br \/>\n<span dir=\"auto\" style=\"vertical-align: inherit;\"><span dir=\"auto\" style=\"vertical-align: inherit;\">cuando realiz\u00f3 el pedido<\/span><\/span><\/p>\n","protected":false},"featured_media":4988,"comment_status":"open","ping_status":"closed","template":"","meta":[],"product_brand":[],"product_cat":[33],"product_tag":[1034],"class_list":{"0":"post-4986","1":"product","2":"type-product","3":"status-publish","4":"has-post-thumbnail","6":"product_cat-electronics","7":"product_tag-led-aromatherapy-fan","8":"product_shipping_class-standard-product","10":"first","11":"instock","12":"sale","13":"taxable","14":"shipping-taxable","15":"purchasable","16":"product-type-simple"},"_links":{"self":[{"href":"https:\/\/www.durawares.com\/index.php\/wp-json\/wp\/v2\/product\/4986","targetHints":{"allow":["GET"]}}],"collection":[{"href":"https:\/\/www.durawares.com\/index.php\/wp-json\/wp\/v2\/product"}],"about":[{"href":"https:\/\/www.durawares.com\/index.php\/wp-json\/wp\/v2\/types\/product"}],"replies":[{"embeddable":true,"href":"https:\/\/www.durawares.com\/index.php\/wp-json\/wp\/v2\/comments?post=4986"}],"version-history":[{"count":3,"href":"https:\/\/www.durawares.com\/index.php\/wp-json\/wp\/v2\/product\/4986\/revisions"}],"predecessor-version":[{"id":5000,"href":"https:\/\/www.durawares.com\/index.php\/wp-json\/wp\/v2\/product\/4986\/revisions\/5000"}],"wp:featuredmedia":[{"embeddable":true,"href":"https:\/\/www.durawares.com\/index.php\/wp-json\/wp\/v2\/media\/4988"}],"wp:attachment":[{"href":"https:\/\/www.durawares.com\/index.php\/wp-json\/wp\/v2\/media?parent=4986"}],"wp:term":[{"taxonomy":"product_brand","embeddable":true,"href":"https:\/\/www.durawares.com\/index.php\/wp-json\/wp\/v2\/product_brand?post=4986"},{"taxonomy":"product_cat","embeddable":true,"href":"https:\/\/www.durawares.com\/index.php\/wp-json\/wp\/v2\/product_cat?post=4986"},{"taxonomy":"product_tag","embeddable":true,"href":"https:\/\/www.durawares.com\/index.php\/wp-json\/wp\/v2\/product_tag?post=4986"}],"curies":[{"name":"wp","href":"https:\/\/api.w.org\/{rel}","templated":true}]}}