{"id":5002,"date":"2026-04-20T05:18:51","date_gmt":"2026-04-20T05:18:51","guid":{"rendered":"https:\/\/www.durawares.com\/?post_type=product&#038;p=5002"},"modified":"2026-04-20T06:15:29","modified_gmt":"2026-04-20T06:15:29","slug":"smart-aromatherapy-device","status":"publish","type":"product","link":"https:\/\/www.durawares.com\/index.php\/product\/smart-aromatherapy-device\/","title":{"rendered":"Smart aromatherapy device"},"content":{"rendered":"<p><iframe title=\"Smart aromatherapy device\" width=\"563\" height=\"1000\" src=\"https:\/\/www.youtube.com\/embed\/a5sshAdFa2Y?feature=oembed\" frameborder=\"0\" allow=\"accelerometer; autoplay; clipboard-write; encrypted-media; gyroscope; picture-in-picture; web-share\" referrerpolicy=\"strict-origin-when-cross-origin\" allowfullscreen><\/iframe><\/p>\n","protected":false},"excerpt":{"rendered":"<p><span dir=\"auto\" style=\"vertical-align: inherit;\"><span dir=\"auto\" style=\"vertical-align: inherit;\">\u0e40\u0e04\u0e23\u0e37\u0e48\u0e2d\u0e07\u0e2d\u0e42\u0e23\u0e21\u0e32\u0e40\u0e18\u0e2d\u0e23\u0e32\u0e1e\u0e35\u0e2d\u0e31 \u0e08\u0e09\u0e23\u0e34\u0e22\u0e30\u0e1e\u0e23\u0e49\u0e2d\u0e21\u0e41\u0e2a\u0e07\u0e42\u0e14\u0e22\u0e23\u0e2d\u0e1a, \u0e42\u0e2b\u0e21\u0e14\u0e1b\u0e23\u0e31\u0e1a\u0e44\u0e14\u0e49 5 \u0e42\u0e2b\u0e21\u0e14, \u0e01\u0e25\u0e34\u0e48\u0e19\u0e2b\u0e2d\u0e21\u0e15\u0e34\u0e14\u0e17\u0e19\u0e19\u0e32\u0e19, \u0e01\u0e32\u0e23\u0e41\u0e2a\u0e14\u0e07\u0e23\u0e30\u0e14\u0e31\u0e1a\u0e1e\u0e25\u0e31\u0e07\u0e07\u0e32\u0e19, USB \u0e40\u0e2b\u0e21\u0e32\u0e30\u0e2a\u0e33\u0e2b\u0e23\u0e31\u0e1a\u0e2b\u0e25\u0e32\u0e22\u0e2a\u0e16\u0e32\u0e19\u0e01\u0e32\u0e23\u0e13\u0e4c<\/span><\/span><br \/>\n<span dir=\"auto\" style=\"vertical-align: inherit;\"><span dir=\"auto\" style=\"vertical-align: inherit;\">Dispositivo de aromaterapia inteligente con luz ambiental, 5 modos ajustables, fragancia duradera, visualizaci\u00f3n del nivel de potencia y carga USB. Adecuado para diversas situaciones.<\/span><\/span><\/p>\n<p><span dir=\"auto\" style=\"vertical-align: inherit;\"><span dir=\"auto\" style=\"vertical-align: inherit;\">Somos proveedores de productos de gran demanda en China. Llevamos a\u00f1os atendiendo a clientes de Asia, Am\u00e9rica y Europa. La satisfacci\u00f3n del cliente es nuestra m\u00e1xima prioridad, al igual que la seguridad en el pago y la recepci\u00f3n de la mercanc\u00eda. No dude en contactarnos en cualquier momento si tiene alguna pregunta. Muchas gracias.<\/span><\/span><\/p>\n<p><span dir=\"auto\" style=\"vertical-align: inherit;\"><span dir=\"auto\" style=\"vertical-align: inherit;\">Carta privada o contacto: Whatsapp: +8613682371367 <\/span><\/span><br \/>\n<span dir=\"auto\" style=\"vertical-align: inherit;\"><span dir=\"auto\" style=\"vertical-align: inherit;\">cuando realiz\u00f3 el pedido<\/span><\/span><\/p>\n","protected":false},"featured_media":5003,"comment_status":"open","ping_status":"closed","template":"","meta":[],"product_brand":[],"product_cat":[33],"product_tag":[1036,1035],"class_list":{"0":"post-5002","1":"product","2":"type-product","3":"status-publish","4":"has-post-thumbnail","6":"product_cat-electronics","7":"product_tag-aromatherapy-device","8":"product_tag-smart-aromatherapy-device","9":"product_shipping_class-standard-product","11":"first","12":"instock","13":"sale","14":"taxable","15":"shipping-taxable","16":"purchasable","17":"product-type-simple"},"_links":{"self":[{"href":"https:\/\/www.durawares.com\/index.php\/wp-json\/wp\/v2\/product\/5002","targetHints":{"allow":["GET"]}}],"collection":[{"href":"https:\/\/www.durawares.com\/index.php\/wp-json\/wp\/v2\/product"}],"about":[{"href":"https:\/\/www.durawares.com\/index.php\/wp-json\/wp\/v2\/types\/product"}],"replies":[{"embeddable":true,"href":"https:\/\/www.durawares.com\/index.php\/wp-json\/wp\/v2\/comments?post=5002"}],"version-history":[{"count":3,"href":"https:\/\/www.durawares.com\/index.php\/wp-json\/wp\/v2\/product\/5002\/revisions"}],"predecessor-version":[{"id":5015,"href":"https:\/\/www.durawares.com\/index.php\/wp-json\/wp\/v2\/product\/5002\/revisions\/5015"}],"wp:featuredmedia":[{"embeddable":true,"href":"https:\/\/www.durawares.com\/index.php\/wp-json\/wp\/v2\/media\/5003"}],"wp:attachment":[{"href":"https:\/\/www.durawares.com\/index.php\/wp-json\/wp\/v2\/media?parent=5002"}],"wp:term":[{"taxonomy":"product_brand","embeddable":true,"href":"https:\/\/www.durawares.com\/index.php\/wp-json\/wp\/v2\/product_brand?post=5002"},{"taxonomy":"product_cat","embeddable":true,"href":"https:\/\/www.durawares.com\/index.php\/wp-json\/wp\/v2\/product_cat?post=5002"},{"taxonomy":"product_tag","embeddable":true,"href":"https:\/\/www.durawares.com\/index.php\/wp-json\/wp\/v2\/product_tag?post=5002"}],"curies":[{"name":"wp","href":"https:\/\/api.w.org\/{rel}","templated":true}]}}