{"id":5046,"date":"2026-04-23T01:27:02","date_gmt":"2026-04-23T01:27:02","guid":{"rendered":"https:\/\/www.durawares.com\/?post_type=product&#038;p=5046"},"modified":"2026-04-23T03:14:59","modified_gmt":"2026-04-23T03:14:59","slug":"multifunctional-garlic-grinder","status":"publish","type":"product","link":"https:\/\/www.durawares.com\/index.php\/product\/multifunctional-garlic-grinder\/","title":{"rendered":"Multifunctional garlic grinder"},"content":{"rendered":"<p><iframe title=\"Multifunctional garlic grinder\" width=\"563\" height=\"1000\" src=\"https:\/\/www.youtube.com\/embed\/hcyxwpKOBno?feature=oembed\" frameborder=\"0\" allow=\"accelerometer; autoplay; clipboard-write; encrypted-media; gyroscope; picture-in-picture; web-share\" referrerpolicy=\"strict-origin-when-cross-origin\" allowfullscreen><\/iframe><\/p>\n","protected":false},"excerpt":{"rendered":"<p><span dir=\"auto\" style=\"vertical-align: inherit;\"><span dir=\"auto\" style=\"vertical-align: inherit;\">\u0e40\u0e04\u0e23\u0e37\u0e48\u0e2d\u0e07\u0e17\u0e33\u0e2d\u0e32\u0e2b\u0e32\u0e23\u0e01\u0e23\u0e30\u0e40\u0e17\u0e35\u0e22\u0e21\u0e21\u0e31\u0e25\u0e15\u0e34\u0e1f\u0e31\u0e07\u0e01\u0e4c\u0e0a\u0e31\u0e48\u0e19, \u0e40\u0e04\u0e23\u0e37\u0e48\u0e2d\u0e07\u0e01\u0e27\u0e19\u0e01\u0e23\u0e30\u0e40\u0e17\u0e35\u0e22\u0e21\u0e02\u0e19\u0e32\u0e14\u0e40\u0e25\u0e47\u0e01\u0e43\u0e19\u0e04\u0e23\u0e31\u0e27\u0e40\u0e23\u0e37\u0e2d\u0e19, \u0e40\u0e04\u0e23\u0e37\u0e48\u0e2d\u0e07\u0e1a\u0e14\u0e01\u0e23\u0e30\u0e40\u0e17\u0e35\u0e22\u0e21, Peso: 250 g, Tama\u00f1o: 8,3*11,5*9 cm, Capacidad: 500 mAh<\/span><\/span><\/p>\n<p><span dir=\"auto\" style=\"vertical-align: inherit;\"><span dir=\"auto\" style=\"vertical-align: inherit;\">Molinillo de ajo multifuncional, removedor de ajo dom\u00e9stico peque\u00f1o, triturador de ajo, molinillo de ajo el\u00e9ctrico inal\u00e1mbrico, Peso: 250 g, Tama\u00f1o del paquete: 8,3 x 11,5 x 9 cm, Capacidad de la bater\u00eda: 500 mAh<\/span><\/span><\/p>\n<p><span dir=\"auto\" style=\"vertical-align: inherit;\"><span dir=\"auto\" style=\"vertical-align: inherit;\">Somos proveedores de productos de gran demanda en China. Llevamos a\u00f1os atendiendo a clientes de Asia, Am\u00e9rica y Europa. La satisfacci\u00f3n del cliente es nuestra m\u00e1xima prioridad, garantizando pagos seguros y una entrega segura de la mercanc\u00eda. Si tiene alguna pregunta, no dude en contactarnos en cualquier momento. Muchas gracias.<\/span><\/span><\/p>\n<p><span dir=\"auto\" style=\"vertical-align: inherit;\"><span dir=\"auto\" style=\"vertical-align: inherit;\">Carta privada o contacto: Whatsapp: +8613682371367 <\/span><\/span><br \/>\n<span dir=\"auto\" style=\"vertical-align: inherit;\"><span dir=\"auto\" style=\"vertical-align: inherit;\">cuando realiz\u00f3 el pedido<\/span><\/span><\/p>\n","protected":false},"featured_media":5047,"comment_status":"open","ping_status":"closed","template":"","meta":[],"product_brand":[],"product_cat":[301],"product_tag":[1043,1042],"class_list":{"0":"post-5046","1":"product","2":"type-product","3":"status-publish","4":"has-post-thumbnail","6":"product_cat-kitchen-supplies","7":"product_tag-garlic-grinder","8":"product_tag-multifunctional-garlic-grinder","9":"product_shipping_class-standard-product","11":"first","12":"instock","13":"sale","14":"taxable","15":"shipping-taxable","16":"purchasable","17":"product-type-simple"},"_links":{"self":[{"href":"https:\/\/www.durawares.com\/index.php\/wp-json\/wp\/v2\/product\/5046","targetHints":{"allow":["GET"]}}],"collection":[{"href":"https:\/\/www.durawares.com\/index.php\/wp-json\/wp\/v2\/product"}],"about":[{"href":"https:\/\/www.durawares.com\/index.php\/wp-json\/wp\/v2\/types\/product"}],"replies":[{"embeddable":true,"href":"https:\/\/www.durawares.com\/index.php\/wp-json\/wp\/v2\/comments?post=5046"}],"version-history":[{"count":3,"href":"https:\/\/www.durawares.com\/index.php\/wp-json\/wp\/v2\/product\/5046\/revisions"}],"predecessor-version":[{"id":5061,"href":"https:\/\/www.durawares.com\/index.php\/wp-json\/wp\/v2\/product\/5046\/revisions\/5061"}],"wp:featuredmedia":[{"embeddable":true,"href":"https:\/\/www.durawares.com\/index.php\/wp-json\/wp\/v2\/media\/5047"}],"wp:attachment":[{"href":"https:\/\/www.durawares.com\/index.php\/wp-json\/wp\/v2\/media?parent=5046"}],"wp:term":[{"taxonomy":"product_brand","embeddable":true,"href":"https:\/\/www.durawares.com\/index.php\/wp-json\/wp\/v2\/product_brand?post=5046"},{"taxonomy":"product_cat","embeddable":true,"href":"https:\/\/www.durawares.com\/index.php\/wp-json\/wp\/v2\/product_cat?post=5046"},{"taxonomy":"product_tag","embeddable":true,"href":"https:\/\/www.durawares.com\/index.php\/wp-json\/wp\/v2\/product_tag?post=5046"}],"curies":[{"name":"wp","href":"https:\/\/api.w.org\/{rel}","templated":true}]}}