{"id":5062,"date":"2026-04-23T03:37:25","date_gmt":"2026-04-23T03:37:25","guid":{"rendered":"https:\/\/www.durawares.com\/?post_type=product&#038;p=5062"},"modified":"2026-04-23T04:19:55","modified_gmt":"2026-04-23T04:19:55","slug":"automatic-egg-cooker","status":"publish","type":"product","link":"https:\/\/www.durawares.com\/index.php\/product\/automatic-egg-cooker\/","title":{"rendered":"Automatic Egg Cooker"},"content":{"rendered":"<p><iframe title=\"wildness camping Let&#039;s Make Your Best Trip Ever!\" width=\"563\" height=\"1000\" src=\"https:\/\/www.youtube.com\/embed\/yHAlymiU4mk?feature=oembed\" frameborder=\"0\" allow=\"accelerometer; autoplay; clipboard-write; encrypted-media; gyroscope; picture-in-picture; web-share\" referrerpolicy=\"strict-origin-when-cross-origin\" allowfullscreen><\/iframe><\/p>\n","protected":false},"excerpt":{"rendered":"<p><span dir=\"auto\" style=\"vertical-align: inherit;\"><span dir=\"auto\" style=\"vertical-align: inherit;\"><span dir=\"auto\" style=\"vertical-align: inherit;\"><span dir=\"auto\" style=\"vertical-align: inherit;\"><span dir=\"auto\" style=\"vertical-align: inherit;\"><span dir=\"auto\" style=\"vertical-align: inherit;\">\u0e40\u0e04\u0e23\u0e37\u0e48\u0e2d\u0e07\u0e15\u0e49\u0e21\u0e44\u0e02\u0e48\u0e2d\u0e31\u0e15\u0e42\u0e19\u0e21\u0e31\u0e15\u0e34 \u0e40\u0e04\u0e23\u0e37\u0e48\u0e2d\u0e07\u0e44\u0e02\u0e48\u0e15\u0e49\u0e21 \u0e2b\u0e21\u0e49\u0e2d\u0e15\u0e49\u0e21\u0e44\u0e02\u0e48 \u0e40\u0e04\u0e23\u0e37\u0e48\u0e2d\u0e07\u0e19\u0e36\u0e48\u0e07\u0e44\u0e02\u0e48\u0e2d\u0e40\u0e19\u0e01\u0e1b\u0e23\u0e30\u0e2a\u0e07\u0e04\u0e4c \u0e40\u0e25\u0e37\u0e2d\u0e01\u0e23\u0e30\u0e14\u0e31\u0e1a\u0e04\u0e27\u0e32\u0e21\u0e2a\u0e38\u0e01\u0e02\u0e2d\u0e07\u0e44\u0e02\u0e48\u0e44\u0e14\u0e49 4 \u0e0a\u0e34\u0e49\u0e19 \u0e08\u0e2d\u0e07\u0e2d\u0e22\u0e48\u0e32\u0e07\u0e0a\u0e32\u0e0d\u0e09\u0e25\u0e32\u0e14<\/span><\/span><\/span><\/span><\/span><\/span><\/p>\n<p><span dir=\"auto\" style=\"vertical-align: inherit;\"><span dir=\"auto\" style=\"vertical-align: inherit;\"><span dir=\"auto\" style=\"vertical-align: inherit;\"><span dir=\"auto\" style=\"vertical-align: inherit;\"><span dir=\"auto\" style=\"vertical-align: inherit;\"><span dir=\"auto\" style=\"vertical-align: inherit;\">Cocedor de huevos autom\u00e1tico, inal\u00e1mbrico de huevos, vaporizador de huevos, vaporizador de huevos multifuncional. Seleccione el punto de cocci\u00f3n deseado. Cocina 4 huevos a la vez. Reserva con antelaci\u00f3n.<\/span><\/span><\/span><\/span><\/span><\/span><\/p>\n<p><span dir=\"auto\" style=\"vertical-align: inherit;\"><span dir=\"auto\" style=\"vertical-align: inherit;\"><span dir=\"auto\" style=\"vertical-align: inherit;\"><span dir=\"auto\" style=\"vertical-align: inherit;\"><span dir=\"auto\" style=\"vertical-align: inherit;\"><span dir=\"auto\" style=\"vertical-align: inherit;\">Somos proveedores de productos de gran demanda en China. Llevamos a\u00f1os atendiendo a clientes de Asia, Am\u00e9rica y Europa. La satisfacci\u00f3n del cliente es nuestra m\u00e1xima prioridad, garantizando pagos seguros y una entrega segura de la mercanc\u00eda. Si tiene alguna pregunta, no dude en contactarnos en cualquier momento. Muchas gracias.<\/span><\/span><\/span><\/span><\/span><\/span><\/p>\n<p><span dir=\"auto\" style=\"vertical-align: inherit;\"><span dir=\"auto\" style=\"vertical-align: inherit;\"><span dir=\"auto\" style=\"vertical-align: inherit;\"><span dir=\"auto\" style=\"vertical-align: inherit;\"><span dir=\"auto\" style=\"vertical-align: inherit;\"><span dir=\"auto\" style=\"vertical-align: inherit;\">Carta privada o contacto: Whatsapp: +8613682371367 <\/span><\/span><\/span><\/span><\/span><\/span><br \/>\n<span dir=\"auto\" style=\"vertical-align: inherit;\"><span dir=\"auto\" style=\"vertical-align: inherit;\"><span dir=\"auto\" style=\"vertical-align: inherit;\"><span dir=\"auto\" style=\"vertical-align: inherit;\"><span dir=\"auto\" style=\"vertical-align: inherit;\"><span dir=\"auto\" style=\"vertical-align: inherit;\">cuando realiz\u00f3 el pedido<\/span><\/span><\/span><\/span><\/span><\/span><\/p>\n","protected":false},"featured_media":5063,"comment_status":"open","ping_status":"closed","template":"","meta":[],"product_brand":[],"product_cat":[301],"product_tag":[1044,1045],"class_list":{"0":"post-5062","1":"product","2":"type-product","3":"status-publish","4":"has-post-thumbnail","6":"product_cat-kitchen-supplies","7":"product_tag-automatic-egg-cooker","8":"product_tag-egg-cooker","9":"product_shipping_class-standard-product","11":"first","12":"instock","13":"sale","14":"taxable","15":"shipping-taxable","16":"purchasable","17":"product-type-simple"},"_links":{"self":[{"href":"https:\/\/www.durawares.com\/index.php\/wp-json\/wp\/v2\/product\/5062","targetHints":{"allow":["GET"]}}],"collection":[{"href":"https:\/\/www.durawares.com\/index.php\/wp-json\/wp\/v2\/product"}],"about":[{"href":"https:\/\/www.durawares.com\/index.php\/wp-json\/wp\/v2\/types\/product"}],"replies":[{"embeddable":true,"href":"https:\/\/www.durawares.com\/index.php\/wp-json\/wp\/v2\/comments?post=5062"}],"version-history":[{"count":4,"href":"https:\/\/www.durawares.com\/index.php\/wp-json\/wp\/v2\/product\/5062\/revisions"}],"predecessor-version":[{"id":5076,"href":"https:\/\/www.durawares.com\/index.php\/wp-json\/wp\/v2\/product\/5062\/revisions\/5076"}],"wp:featuredmedia":[{"embeddable":true,"href":"https:\/\/www.durawares.com\/index.php\/wp-json\/wp\/v2\/media\/5063"}],"wp:attachment":[{"href":"https:\/\/www.durawares.com\/index.php\/wp-json\/wp\/v2\/media?parent=5062"}],"wp:term":[{"taxonomy":"product_brand","embeddable":true,"href":"https:\/\/www.durawares.com\/index.php\/wp-json\/wp\/v2\/product_brand?post=5062"},{"taxonomy":"product_cat","embeddable":true,"href":"https:\/\/www.durawares.com\/index.php\/wp-json\/wp\/v2\/product_cat?post=5062"},{"taxonomy":"product_tag","embeddable":true,"href":"https:\/\/www.durawares.com\/index.php\/wp-json\/wp\/v2\/product_tag?post=5062"}],"curies":[{"name":"wp","href":"https:\/\/api.w.org\/{rel}","templated":true}]}}